{"id":2,"date":"2016-05-10T03:48:21","date_gmt":"2016-05-10T02:48:21","guid":{"rendered":"http:\/\/wp452m.a10-52-158-154.qa.plesk.ru\/wordpress\/?page_id=2"},"modified":"2025-04-14T13:30:33","modified_gmt":"2025-04-14T12:30:33","slug":"sample-page","status":"publish","type":"page","link":"http:\/\/bluesjuice.de\/","title":{"rendered":"Blues Juice"},"content":{"rendered":"<h3>Willkommen bei Blues Juice \u2013 wo der Blues in neuen Facetten lebendig wird!<\/h3>\n<p>Wir verbinden klassische Einfl\u00fcsse mit modernen Interpretationen und pr\u00e4sentieren den Blues in seinen vielseitigen Ausdrucksformen \u2013 von Swing \u00fcber Rock bis hin zu Funk. Dabei legen wir besonderen Wert auf die Perspektiven und Stimmen von Frauen in unserer Liedauswahl, um so f\u00fcr frische Impulse und Vielfalt zu sorgen.<br \/>\nUnsere Musik besticht durch harmonische Arrangements, pr\u00e4zise Gitarrensoli und einen kraftvollen Gesang \u2013 getragen von einer routinierten Rhythmusgruppe, die stets das solide Fundament unserer Kl\u00e4nge bildet.<\/p>\n<p>Das sind wir:<br \/>\n&#8211; Andreas Br\u00e4uer: E-Gitarre<br \/>\n&#8211; Benni Hermann: Schlagzeug<br \/>\n&#8211; Katharina Grote Lambers: Gesang<br \/>\n&#8211; Olaf Neitzel: Bass<br \/>\n&#8211; Peter Will: Akustik-Gitarre<\/p>\n<p>Bereits quer durch den Landkreis Kassel \u2013 von Bad Karlshafen bis Homberg \u2013 haben wir die Freude, unser K\u00f6nnen live zu pr\u00e4sentieren. Diese Auftritte st\u00e4rken nicht nur unsere Verbundenheit mit der lokalen Musikszene, sondern zeigen auch, wie Live-Erlebnisse die Leidenschaft f\u00fcr den Blues immer wieder neu entfachen.<\/p>\n<p>Ein besonderes Highlight unserer Laufbahn ist die CD **\u201eOpen Road\u201c**. In Zusammenarbeit mit den renommierten Tonstudios MSM Engineering (Kassel) und der Kunstm\u00fchle (Bad Arolsen) konnten wir eine Sammlung originaler Eigenkompositionen in professioneller Klangqualit\u00e4t realisieren \u2013 ein Muss f\u00fcr Fans, die sowohl die traditionelle als auch die moderne Seite des Blues sch\u00e4tzen. Die CD ist f\u00fcr 15 Euro erh\u00e4ltlich.<\/p>\n<p>M\u00f6chtest du mehr \u00fcber uns erfahren, einen Auftritt buchen oder direkt unsere CD bestellen? Dann kontaktiere uns unter:<br \/>\n<a href=\"mailto:kontakt@bluesjuice.de\">kontakt@bluesjuice.de<\/a><\/p>\n<p>Wir freuen uns darauf, bald live f\u00fcr dich zu spielen!<\/p>\n","protected":false},"excerpt":{"rendered":"<p>Willkommen bei Blues Juice \u2013 wo der Blues in neuen Facetten lebendig wird! Wir verbinden klassische Einfl\u00fcsse mit modernen Interpretationen und pr\u00e4sentieren den Blues in seinen vielseitigen Ausdrucksformen \u2013 von Swing \u00fcber Rock bis hin zu Funk. Dabei legen wir besonderen Wert auf die Perspektiven und Stimmen von Frauen in unserer Liedauswahl, um so f\u00fcr [&hellip;]<\/p>\n","protected":false},"author":1,"featured_media":0,"parent":0,"menu_order":0,"comment_status":"closed","ping_status":"closed","template":"page-header.php","meta":{"footnotes":""},"class_list":["post-2","page","type-page","status-publish","hentry"],"_links":{"self":[{"href":"http:\/\/bluesjuice.de\/index.php?rest_route=\/wp\/v2\/pages\/2","targetHints":{"allow":["GET"]}}],"collection":[{"href":"http:\/\/bluesjuice.de\/index.php?rest_route=\/wp\/v2\/pages"}],"about":[{"href":"http:\/\/bluesjuice.de\/index.php?rest_route=\/wp\/v2\/types\/page"}],"author":[{"embeddable":true,"href":"http:\/\/bluesjuice.de\/index.php?rest_route=\/wp\/v2\/users\/1"}],"replies":[{"embeddable":true,"href":"http:\/\/bluesjuice.de\/index.php?rest_route=%2Fwp%2Fv2%2Fcomments&post=2"}],"version-history":[{"count":29,"href":"http:\/\/bluesjuice.de\/index.php?rest_route=\/wp\/v2\/pages\/2\/revisions"}],"predecessor-version":[{"id":507,"href":"http:\/\/bluesjuice.de\/index.php?rest_route=\/wp\/v2\/pages\/2\/revisions\/507"}],"wp:attachment":[{"href":"http:\/\/bluesjuice.de\/index.php?rest_route=%2Fwp%2Fv2%2Fmedia&parent=2"}],"curies":[{"name":"wp","href":"https:\/\/api.w.org\/{rel}","templated":true}]}}